{"id":309,"date":"2019-05-29T14:02:01","date_gmt":"2019-05-29T12:02:01","guid":{"rendered":"http:\/\/swissvisqw.cluster026.hosting.ovh.net\/totem\/?page_id=309"},"modified":"2019-10-18T10:44:39","modified_gmt":"2019-10-18T08:44:39","slug":"lentilles-specifiques","status":"publish","type":"page","link":"https:\/\/www.swissvision.fr\/lentilles-specifiques\/","title":{"rendered":"Lentilles sp\u00e9cifiques"},"content":{"rendered":"<p>[et_pb_section fb_built=\u00a0\u00bb1&Prime; _builder_version=\u00a0\u00bb3.22.5&Prime;][et_pb_row _builder_version=\u00a0\u00bb3.22.5&Prime;][et_pb_column type=\u00a0\u00bb4_4&Prime; _builder_version=\u00a0\u00bb3.22.5&Prime;][et_pb_text _builder_version=\u00a0\u00bb3.22.5&Prime; text_font=\u00a0\u00bb||||||||\u00a0\u00bb text_orientation=\u00a0\u00bbcenter\u00a0\u00bb]<\/p>\n<h2>Lentilles sp\u00e9cifiques<\/h2>\n<p>[\/et_pb_text][\/et_pb_column][\/et_pb_row][et_pb_row _builder_version=\u00a0\u00bb3.22.5&Prime;][et_pb_column type=\u00a0\u00bb3_5&Prime; _builder_version=\u00a0\u00bb3.22.5&Prime;][et_pb_text _builder_version=\u00a0\u00bb3.22.5&Prime;]<\/p>\n<p>Une lentille sp\u00e9cifique est un \u00e9quipement non standard r\u00e9alis\u00e9 sur mesure pour une correction particuli\u00e8re. Ces adaptations peuvent \u00eatre r\u00e9alis\u00e9es en lentilles souples ou rigides.<\/p>\n<p>&#8211; K\u00e9ratocones (affaissement de la corn\u00e9e en forme de c\u00f4ne).<\/p>\n<p>&#8211; Fort astigmatisme (sup\u00e9rieur \u00e0 3 dioptries).<\/p>\n<p>&#8211; Aphakie (ablation du cristalin).<\/p>\n<p>&#8211; Presbytie avec astigmatisme.<\/p>\n<p>&#8211; Lentilles peintes (d&rsquo;apr\u00e8s mod\u00e8le oeil sein, en cas de perte d&rsquo;un oeil)<\/p>\n<p>[\/et_pb_text][\/et_pb_column][et_pb_column type=\u00a0\u00bb2_5&Prime; _builder_version=\u00a0\u00bb3.22.5&Prime;][et_pb_image src=\u00a0\u00bbhttps:\/\/www.swissvision.fr\/wp-content\/uploads\/2019\/05\/topographe.jpg\u00a0\u00bb align_tablet=\u00a0\u00bbcenter\u00a0\u00bb align_last_edited=\u00a0\u00bbon|desktop\u00a0\u00bb _builder_version=\u00a0\u00bb3.24.1&Prime;][\/et_pb_image][\/et_pb_column][\/et_pb_row][et_pb_row _builder_version=\u00a0\u00bb3.22.5&Prime;][et_pb_column type=\u00a0\u00bb4_4&Prime; _builder_version=\u00a0\u00bb3.22.5&Prime;][et_pb_text _builder_version=\u00a0\u00bb3.22.5&Prime;]<\/p>\n<p>Que vous soyez fort astigmate, presbyte ou atteint d&rsquo;un k\u00e9ratocone, une solution d&rsquo;adaptation est quasiment toujours possible. N&rsquo;h\u00e9sitez pas \u00e0 consulter votre ophtalmologue qui vous fera passer les examens n\u00e9c\u00e9ssaires pour que nous puissions vous proposer un mat\u00e9riel de correction adapt\u00e9 \u00e0 votre vue.<\/p>\n<p>[\/et_pb_text][\/et_pb_column][\/et_pb_row][et_pb_row _builder_version=\u00a0\u00bb3.22.5&Prime;][et_pb_column type=\u00a0\u00bb4_4&Prime; _builder_version=\u00a0\u00bb3.22.5&Prime;][et_pb_image src=\u00a0\u00bbhttps:\/\/www.swissvision.fr\/wp-content\/uploads\/2019\/05\/sallelc.jpg\u00a0\u00bb align=\u00a0\u00bbcenter\u00a0\u00bb align_tablet=\u00a0\u00bbcenter\u00a0\u00bb align_last_edited=\u00a0\u00bbon|desktop\u00a0\u00bb _builder_version=\u00a0\u00bb3.24.1&Prime;][\/et_pb_image][\/et_pb_column][\/et_pb_row][et_pb_row _builder_version=\u00a0\u00bb3.22.5&Prime;][et_pb_column type=\u00a0\u00bb4_4&Prime; _builder_version=\u00a0\u00bb3.22.5&Prime;][et_pb_text _builder_version=\u00a0\u00bb3.22.5&Prime; text_font=\u00a0\u00bb||||||||\u00a0\u00bb text_text_color=\u00a0\u00bb#e02b20&Prime;]<\/p>\n<p>Aucune lentille ne sera d\u00e9livr\u00e9e sans ordonnance et examen pr\u00e9alablement r\u00e9alis\u00e9s par votre ophtalmologiste.<\/p>\n<p>[\/et_pb_text][\/et_pb_column][\/et_pb_row][\/et_pb_section]<\/p>\n","protected":false},"excerpt":{"rendered":"<p>Lentilles sp\u00e9cifiquesUne lentille sp\u00e9cifique est un \u00e9quipement non standard r\u00e9alis\u00e9 sur mesure pour une correction particuli\u00e8re. Ces adaptations peuvent \u00eatre r\u00e9alis\u00e9es en lentilles souples ou rigides. &#8211; K\u00e9ratocones (affaissement de la corn\u00e9e en forme de c\u00f4ne). &#8211; Fort astigmatisme (sup\u00e9rieur \u00e0 3 dioptries). &#8211; Aphakie (ablation du cristalin). &#8211; Presbytie avec astigmatisme. &#8211; Lentilles peintes [&hellip;]<\/p>\n","protected":false},"author":1,"featured_media":0,"parent":0,"menu_order":0,"comment_status":"closed","ping_status":"closed","template":"","meta":{"_et_pb_use_builder":"on","_et_pb_old_content":"","_et_gb_content_width":"","footnotes":""},"class_list":["post-309","page","type-page","status-publish","hentry"],"_links":{"self":[{"href":"https:\/\/www.swissvision.fr\/wp-json\/wp\/v2\/pages\/309","targetHints":{"allow":["GET"]}}],"collection":[{"href":"https:\/\/www.swissvision.fr\/wp-json\/wp\/v2\/pages"}],"about":[{"href":"https:\/\/www.swissvision.fr\/wp-json\/wp\/v2\/types\/page"}],"author":[{"embeddable":true,"href":"https:\/\/www.swissvision.fr\/wp-json\/wp\/v2\/users\/1"}],"replies":[{"embeddable":true,"href":"https:\/\/www.swissvision.fr\/wp-json\/wp\/v2\/comments?post=309"}],"version-history":[{"count":6,"href":"https:\/\/www.swissvision.fr\/wp-json\/wp\/v2\/pages\/309\/revisions"}],"predecessor-version":[{"id":1299,"href":"https:\/\/www.swissvision.fr\/wp-json\/wp\/v2\/pages\/309\/revisions\/1299"}],"wp:attachment":[{"href":"https:\/\/www.swissvision.fr\/wp-json\/wp\/v2\/media?parent=309"}],"curies":[{"name":"wp","href":"https:\/\/api.w.org\/{rel}","templated":true}]}}